{"id":12,"date":"2023-09-15T10:58:27","date_gmt":"2023-09-15T08:58:27","guid":{"rendered":"https:\/\/kris2-artisanedecoratrice.com\/?page_id=12"},"modified":"2024-02-27T09:20:09","modified_gmt":"2024-02-27T08:20:09","slug":"contact","status":"publish","type":"page","link":"https:\/\/kris2-artisanedecoratrice.com\/index.php\/contact\/","title":{"rendered":"Contact"},"content":{"rendered":"\t\t<div data-elementor-type=\"wp-page\" data-elementor-id=\"12\" class=\"elementor elementor-12\">\n\t\t\t\t<div class=\"elementor-element elementor-element-648be17 e-flex e-con-boxed e-con e-parent\" data-id=\"648be17\" data-element_type=\"container\">\n\t\t\t\t\t<div class=\"e-con-inner\">\n\t\t\t\t<div class=\"elementor-element elementor-element-bca458a elementor-widget elementor-widget-heading\" data-id=\"bca458a\" data-element_type=\"widget\" data-widget_type=\"heading.default\">\n\t\t\t\t<div class=\"elementor-widget-container\">\n\t\t\t\t\t<h2 class=\"elementor-heading-title elementor-size-default\">Pour les demandes de devis et commandes personnalis\u00e9es<\/h2>\t\t\t\t<\/div>\n\t\t\t\t<\/div>\n\t\t\t\t\t<\/div>\n\t\t\t\t<\/div>\n\t\t<div class=\"elementor-element elementor-element-8b08683 e-flex e-con-boxed e-con e-parent\" data-id=\"8b08683\" data-element_type=\"container\">\n\t\t\t\t\t<div class=\"e-con-inner\">\n\t\t<div class=\"elementor-element elementor-element-c4534ed e-con-full e-flex e-con e-child\" data-id=\"c4534ed\" data-element_type=\"container\">\n\t\t\t\t<div class=\"elementor-element elementor-element-1ba069a elementor-widget__width-initial elementor-widget elementor-widget-heading\" data-id=\"1ba069a\" data-element_type=\"widget\" data-widget_type=\"heading.default\">\n\t\t\t\t<div class=\"elementor-widget-container\">\n\t\t\t\t\t<h2 class=\"elementor-heading-title elementor-size-default\">Formulaire de contact\n<\/h2>\t\t\t\t<\/div>\n\t\t\t\t<\/div>\n\t\t\t\t<div class=\"elementor-element elementor-element-dd06f28 elementor-widget elementor-widget-formidable\" data-id=\"dd06f28\" data-element_type=\"widget\" data-widget_type=\"formidable.default\">\n\t\t\t\t<div class=\"elementor-widget-container\">\n\t\t\t\t\t<div class=\"frm_forms  with_frm_style frm_style_style-formidable\" id=\"frm_form_1_container\" >\n<form enctype=\"multipart\/form-data\" method=\"post\" class=\"frm-show-form \" id=\"form_contact-form\" >\n<div class=\"frm_form_fields \">\n<fieldset>\n<legend class=\"frm_screen_reader\">Contact<\/legend>\r\n\r\n<div class=\"frm_fields_container\">\n<input type=\"hidden\" name=\"frm_action\" value=\"create\" \/>\n<input type=\"hidden\" name=\"form_id\" value=\"1\" \/>\n<input type=\"hidden\" name=\"frm_hide_fields_1\" id=\"frm_hide_fields_1\" value=\"\" \/>\n<input type=\"hidden\" name=\"form_key\" value=\"contact-form\" \/>\n<input type=\"hidden\" name=\"item_meta[0]\" value=\"\" \/>\n<input type=\"hidden\" id=\"frm_submit_entry_1\" name=\"frm_submit_entry_1\" value=\"4f3f086542\" \/><input type=\"hidden\" name=\"_wp_http_referer\" value=\"\/index.php\/wp-json\/wp\/v2\/pages\/12\" \/><div id=\"frm_field_1_container\" class=\"frm_form_field form-field  frm_required_field frm_top_container frm_half\">\r\n    <label for=\"field_qh4icy\" id=\"field_qh4icy_label\" class=\"frm_primary_label\">Nom\r\n        <span class=\"frm_required\" aria-hidden=\"true\">*<\/span>\r\n    <\/label>\r\n    <input type=\"text\" id=\"field_qh4icy\" name=\"item_meta[1]\" value=\"\"  data-reqmsg=\"Ce champ ne peut pas \u00eatre vide\" aria-required=\"true\" data-invmsg=\"Name est non valide\" aria-invalid=\"false\"   aria-describedby=\"frm_desc_field_qh4icy\"\/>\r\n    <div class=\"frm_description\" id=\"frm_desc_field_qh4icy\">Nom<\/div>\r\n    \r\n<\/div>\n<div id=\"frm_field_2_container\" class=\"frm_form_field form-field  frm_required_field frm_hidden_container frm_half\">\r\n    <label for=\"field_ocfup1\" id=\"field_ocfup1_label\" class=\"frm_primary_label\">\r\n        <span class=\"frm_required\" aria-hidden=\"true\">*<\/span>\r\n    <\/label>\r\n    <input type=\"text\" id=\"field_ocfup1\" name=\"item_meta[2]\" value=\"\"  data-reqmsg=\"Ce champ ne peut pas \u00eatre vide\" aria-required=\"true\" data-invmsg=\"Last est non valide\" aria-invalid=\"false\"   aria-describedby=\"frm_desc_field_ocfup1\"\/>\r\n    <div class=\"frm_description\" id=\"frm_desc_field_ocfup1\">Pr\u00e9nom<\/div>\r\n    \r\n<\/div>\n<div id=\"frm_field_3_container\" class=\"frm_form_field form-field  frm_required_field frm_top_container frm12\">\r\n    <label for=\"field_29yf4d\" id=\"field_29yf4d_label\" class=\"frm_primary_label\">Email\r\n        <span class=\"frm_required\" aria-hidden=\"true\">*<\/span>\r\n    <\/label>\r\n    <input type=\"email\" id=\"field_29yf4d\" name=\"item_meta[3]\" value=\"\"  data-reqmsg=\"Ce champ ne peut pas \u00eatre vide\" aria-required=\"true\" data-invmsg=\"Please enter a valid email address\" aria-invalid=\"false\"  \/>\r\n    \r\n    \r\n<\/div>\n<div id=\"frm_field_6_container\" class=\"frm_form_field form-field  frm_required_field frm_top_container frm12\">\r\n    <label for=\"field_ak0ec\" id=\"field_ak0ec_label\" class=\"frm_primary_label\">T\u00e9l\u00e9phone\r\n        <span class=\"frm_required\" aria-hidden=\"true\">*<\/span>\r\n    <\/label>\r\n    <input type=\"tel\" id=\"field_ak0ec\" name=\"item_meta[6]\" value=\"\"  data-reqmsg=\"T\u00e9l\u00e9phone ne peut pas \u00eatre vide.\" aria-required=\"true\" data-invmsg=\"T\u00e9l\u00e9phone est non valide\" aria-invalid=\"false\" pattern=\"((\\+\\d{1,3}(-|.| )?\\(?\\d\\)?(-| |.)?\\d{1,5})|(\\(?\\d{2,6}\\)?))(-|.| )?(\\d{3,4})(-|.| )?(\\d{4})(( x| ext)\\d{1,5}){0,1}$\"  \/>\r\n    \r\n    \r\n<\/div>\n<div id=\"frm_field_4_container\" class=\"frm_form_field form-field  frm_required_field frm_top_container frm_full\">\r\n    <label for=\"field_e6lis6\" id=\"field_e6lis6_label\" class=\"frm_primary_label\">Sujet\r\n        <span class=\"frm_required\" aria-hidden=\"true\">*<\/span>\r\n    <\/label>\r\n    <input type=\"text\" id=\"field_e6lis6\" name=\"item_meta[4]\" value=\"\"  data-reqmsg=\"Ce champ ne peut pas \u00eatre vide\" aria-required=\"true\" data-invmsg=\"Subject est non valide\" aria-invalid=\"false\"  \/>\r\n    \r\n    \r\n<\/div>\n<div id=\"frm_field_5_container\" class=\"frm_form_field form-field  frm_required_field frm_top_container frm_full\">\r\n    <label for=\"field_9jv0r1\" id=\"field_9jv0r1_label\" class=\"frm_primary_label\">Message\r\n        <span class=\"frm_required\" aria-hidden=\"true\">*<\/span>\r\n    <\/label>\r\n    <textarea name=\"item_meta[5]\" id=\"field_9jv0r1\" rows=\"5\"  data-reqmsg=\"Ce champ ne peut pas \u00eatre vide\" aria-required=\"true\" data-invmsg=\"Message est non valide\" aria-invalid=\"false\"  ><\/textarea>\r\n    \r\n    \r\n<\/div>\n\t<input type=\"hidden\" name=\"item_key\" value=\"\" \/>\n\t\t\t\t<div class=\"frm__6543d2336699a\">\n\t\t\t\t<label for=\"frm_email_1\" >\n\t\t\t\t\tSi vous \u00eates un humain, ne remplissez pas ce champ.\t\t\t\t<\/label>\n\t\t\t\t<input  id=\"frm_email_1\" type=\"text\" class=\"frm_verify\" name=\"frm__6543d2336699a\" value=\"\" autocomplete=\"off\"  \/>\n\t\t\t<\/div>\n\t\t<div class=\"frm_submit\">\r\n\r\n<button class=\"frm_button_submit\" type=\"submit\"  >Envoyer<\/button>\r\n\r\n\r\n<\/div><\/div>\n<\/fieldset>\n<\/div>\n\n<\/form>\n<\/div>\n\t\t\t\t<\/div>\n\t\t\t\t<\/div>\n\t\t\t\t<\/div>\n\t\t\t\t\t<\/div>\n\t\t\t\t<\/div>\n\t\t<div class=\"elementor-element elementor-element-9d43f9d e-flex e-con-boxed e-con e-parent\" data-id=\"9d43f9d\" data-element_type=\"container\">\n\t\t\t\t\t<div class=\"e-con-inner\">\n\t\t\t\t<div class=\"elementor-element elementor-element-f7d4730 elementor-widget-divider--view-line elementor-widget elementor-widget-divider\" data-id=\"f7d4730\" data-element_type=\"widget\" data-widget_type=\"divider.default\">\n\t\t\t\t<div class=\"elementor-widget-container\">\n\t\t\t\t\t\t\t<div class=\"elementor-divider\">\n\t\t\t<span class=\"elementor-divider-separator\">\n\t\t\t\t\t\t<\/span>\n\t\t<\/div>\n\t\t\t\t\t\t<\/div>\n\t\t\t\t<\/div>\n\t\t\t\t\t<\/div>\n\t\t\t\t<\/div>\n\t\t<div class=\"elementor-element elementor-element-ae61088 e-flex e-con-boxed e-con e-parent\" data-id=\"ae61088\" data-element_type=\"container\">\n\t\t\t\t\t<div class=\"e-con-inner\">\n\t\t\t\t<div class=\"elementor-element elementor-element-771559b elementor-widget__width-initial elementor-widget elementor-widget-heading\" data-id=\"771559b\" data-element_type=\"widget\" data-widget_type=\"heading.default\">\n\t\t\t\t<div class=\"elementor-widget-container\">\n\t\t\t\t\t<h2 class=\"elementor-heading-title elementor-size-default\">inscriptions aux ateliers <\/h2>\t\t\t\t<\/div>\n\t\t\t\t<\/div>\n\t\t\t\t<div class=\"elementor-element elementor-element-3e973bc elementor-widget__width-initial elementor-widget elementor-widget-text-editor\" data-id=\"3e973bc\" data-element_type=\"widget\" data-widget_type=\"text-editor.default\">\n\t\t\t\t<div class=\"elementor-widget-container\">\n\t\t\t\t\t\t\t\t\t<p>Pour les inscriptions aux ateliers vous trouverez le formulaire adapt\u00e9 \u00e0 chaque atelier sur leurs pages respectives.<\/p>\t\t\t\t\t\t\t\t<\/div>\n\t\t\t\t<\/div>\n\t\t\t\t\t<\/div>\n\t\t\t\t<\/div>\n\t\t<div class=\"elementor-element elementor-element-3ea61d0 e-flex e-con-boxed e-con e-parent\" data-id=\"3ea61d0\" data-element_type=\"container\">\n\t\t\t\t\t<div class=\"e-con-inner\">\n\t\t<div class=\"elementor-element elementor-element-963d612 e-con-full e-flex e-con e-child\" data-id=\"963d612\" data-element_type=\"container\">\n\t\t\t\t<div class=\"elementor-element elementor-element-477c04e elementor-widget__width-initial elementor-position-top elementor-widget elementor-widget-image-box\" data-id=\"477c04e\" data-element_type=\"widget\" data-widget_type=\"image-box.default\">\n\t\t\t\t<div class=\"elementor-widget-container\">\n\t\t\t\t\t<div class=\"elementor-image-box-wrapper\"><figure class=\"elementor-image-box-img\"><a href=\"https:\/\/kris2-artisanedecoratrice.com\/index.php\/atelier-laine-feutree\/\" tabindex=\"-1\"><img fetchpriority=\"high\" decoding=\"async\" width=\"1576\" height=\"500\" src=\"https:\/\/kris2-artisanedecoratrice.com\/wp-content\/uploads\/2023\/10\/page_ateliers_feutre_01.jpg\" class=\"attachment-full size-full wp-image-1410\" alt=\"\" srcset=\"https:\/\/kris2-artisanedecoratrice.com\/wp-content\/uploads\/2023\/10\/page_ateliers_feutre_01.jpg 1576w, https:\/\/kris2-artisanedecoratrice.com\/wp-content\/uploads\/2023\/10\/page_ateliers_feutre_01-300x95.jpg 300w, https:\/\/kris2-artisanedecoratrice.com\/wp-content\/uploads\/2023\/10\/page_ateliers_feutre_01-1024x325.jpg 1024w, https:\/\/kris2-artisanedecoratrice.com\/wp-content\/uploads\/2023\/10\/page_ateliers_feutre_01-768x244.jpg 768w, https:\/\/kris2-artisanedecoratrice.com\/wp-content\/uploads\/2023\/10\/page_ateliers_feutre_01-1536x487.jpg 1536w\" sizes=\"(max-width: 1576px) 100vw, 1576px\" \/><\/a><\/figure><div class=\"elementor-image-box-content\"><h3 class=\"elementor-image-box-title\"><a href=\"https:\/\/kris2-artisanedecoratrice.com\/index.php\/atelier-laine-feutree\/\">Atelier laine feutr\u00e9e<\/a><\/h3><p class=\"elementor-image-box-description\">Venez d\u00e9couvrir, le temps d\u2019un week-end, la laine feutr\u00e9e et laisser libre cours \u00e0 votre imaginaire !<\/p><\/div><\/div>\t\t\t\t<\/div>\n\t\t\t\t<\/div>\n\t\t\t\t<\/div>\n\t\t<div class=\"elementor-element elementor-element-d4f7ea5 e-con-full e-flex e-con e-child\" data-id=\"d4f7ea5\" data-element_type=\"container\">\n\t\t\t\t<div class=\"elementor-element elementor-element-5d75590 elementor-widget__width-initial elementor-position-top elementor-widget elementor-widget-image-box\" data-id=\"5d75590\" data-element_type=\"widget\" data-widget_type=\"image-box.default\">\n\t\t\t\t<div class=\"elementor-widget-container\">\n\t\t\t\t\t<div class=\"elementor-image-box-wrapper\"><figure class=\"elementor-image-box-img\"><a href=\"https:\/\/kris2-artisanedecoratrice.com\/index.php\/decors-collaboratifs\/\" tabindex=\"-1\"><img decoding=\"async\" width=\"1576\" height=\"500\" src=\"https:\/\/kris2-artisanedecoratrice.com\/wp-content\/uploads\/2023\/10\/page_decors_peints_03.jpg\" class=\"attachment-full size-full wp-image-1399\" alt=\"\" srcset=\"https:\/\/kris2-artisanedecoratrice.com\/wp-content\/uploads\/2023\/10\/page_decors_peints_03.jpg 1576w, https:\/\/kris2-artisanedecoratrice.com\/wp-content\/uploads\/2023\/10\/page_decors_peints_03-300x95.jpg 300w, https:\/\/kris2-artisanedecoratrice.com\/wp-content\/uploads\/2023\/10\/page_decors_peints_03-1024x325.jpg 1024w, https:\/\/kris2-artisanedecoratrice.com\/wp-content\/uploads\/2023\/10\/page_decors_peints_03-768x244.jpg 768w, https:\/\/kris2-artisanedecoratrice.com\/wp-content\/uploads\/2023\/10\/page_decors_peints_03-1536x487.jpg 1536w\" sizes=\"(max-width: 1576px) 100vw, 1576px\" \/><\/a><\/figure><div class=\"elementor-image-box-content\"><h3 class=\"elementor-image-box-title\"><a href=\"https:\/\/kris2-artisanedecoratrice.com\/index.php\/decors-collaboratifs\/\">D\u00e9cors collaboratifs<\/a><\/h3><p class=\"elementor-image-box-description\">Vous souhaitez redonner une dimension humaine, chaleureuse, dynamique et color\u00e9e dans vos espaces qu\u2019ils soient int\u00e9rieurs ou ext\u00e9rieurs.<\/p><\/div><\/div>\t\t\t\t<\/div>\n\t\t\t\t<\/div>\n\t\t\t\t<\/div>\n\t\t<div class=\"elementor-element elementor-element-b0b2800 e-con-full e-flex e-con e-child\" data-id=\"b0b2800\" data-element_type=\"container\">\n\t\t\t\t<div class=\"elementor-element elementor-element-cd6fcbd elementor-widget__width-initial elementor-position-top elementor-widget elementor-widget-image-box\" data-id=\"cd6fcbd\" data-element_type=\"widget\" data-widget_type=\"image-box.default\">\n\t\t\t\t<div class=\"elementor-widget-container\">\n\t\t\t\t\t<div class=\"elementor-image-box-wrapper\"><figure class=\"elementor-image-box-img\"><a href=\"https:\/\/kris2-artisanedecoratrice.com\/index.php\/mediation-artistique\/\" tabindex=\"-1\"><img decoding=\"async\" width=\"1576\" height=\"500\" src=\"https:\/\/kris2-artisanedecoratrice.com\/wp-content\/uploads\/2023\/10\/page_ateliers_art_therapie_01.jpg\" class=\"attachment-full size-full wp-image-1414\" alt=\"\" srcset=\"https:\/\/kris2-artisanedecoratrice.com\/wp-content\/uploads\/2023\/10\/page_ateliers_art_therapie_01.jpg 1576w, https:\/\/kris2-artisanedecoratrice.com\/wp-content\/uploads\/2023\/10\/page_ateliers_art_therapie_01-300x95.jpg 300w, https:\/\/kris2-artisanedecoratrice.com\/wp-content\/uploads\/2023\/10\/page_ateliers_art_therapie_01-1024x325.jpg 1024w, https:\/\/kris2-artisanedecoratrice.com\/wp-content\/uploads\/2023\/10\/page_ateliers_art_therapie_01-768x244.jpg 768w, https:\/\/kris2-artisanedecoratrice.com\/wp-content\/uploads\/2023\/10\/page_ateliers_art_therapie_01-1536x487.jpg 1536w\" sizes=\"(max-width: 1576px) 100vw, 1576px\" \/><\/a><\/figure><div class=\"elementor-image-box-content\"><h3 class=\"elementor-image-box-title\"><a href=\"https:\/\/kris2-artisanedecoratrice.com\/index.php\/mediation-artistique\/\">M\u00e9diation artistique<\/a><\/h3><p class=\"elementor-image-box-description\">Ateliers d\u2019art th\u00e9rapie \u00e0 domicile et de m\u00e9diation artistique en institution.<\/p><\/div><\/div>\t\t\t\t<\/div>\n\t\t\t\t<\/div>\n\t\t\t\t<\/div>\n\t\t\t\t\t<\/div>\n\t\t\t\t<\/div>\n\t\t<div class=\"elementor-element elementor-element-3c6c94b e-flex e-con-boxed e-con e-parent\" data-id=\"3c6c94b\" data-element_type=\"container\">\n\t\t\t\t\t<div class=\"e-con-inner\">\n\t\t\t\t<div class=\"elementor-element elementor-element-5d3d256 elementor-widget__width-initial elementor-widget elementor-widget-text-editor\" data-id=\"5d3d256\" data-element_type=\"widget\" data-widget_type=\"text-editor.default\">\n\t\t\t\t<div class=\"elementor-widget-container\">\n\t\t\t\t\t\t\t\t\t<p>Bonne visite \u00e0 tous. <\/p><p>Artistiquement &amp; artisanalement v\u00f4tre, Kris2, Artisane D\u00e9coratrice.<\/p>\t\t\t\t\t\t\t\t<\/div>\n\t\t\t\t<\/div>\n\t\t\t\t\t<\/div>\n\t\t\t\t<\/div>\n\t\t\t\t<\/div>\n\t\t","protected":false},"excerpt":{"rendered":"<p>Pour les demandes de devis et commandes personnalis\u00e9es Formulaire de contact Contact Us Nom * Nom * Pr\u00e9nom Email * T\u00e9l\u00e9phone * Sujet * Message * Si vous \u00eates un humain, ne remplissez pas ce champ. Envoyer inscriptions aux ateliers Pour les inscriptions aux ateliers vous trouverez le formulaire adapt\u00e9 \u00e0 chaque atelier sur leurs [&hellip;]<\/p>\n","protected":false},"author":1,"featured_media":0,"parent":0,"menu_order":0,"comment_status":"closed","ping_status":"closed","template":"","meta":{"footnotes":""},"class_list":["post-12","page","type-page","status-publish","hentry"],"blocksy_meta":[],"yoast_head":"<!-- This site is optimized with the Yoast SEO plugin v24.7 - https:\/\/yoast.com\/wordpress\/plugins\/seo\/ -->\n<title>Contact - Kris2 Artisane d\u00e9coratrice<\/title>\n<meta name=\"robots\" content=\"index, follow, max-snippet:-1, max-image-preview:large, max-video-preview:-1\" \/>\n<link rel=\"canonical\" href=\"https:\/\/kris2-artisanedecoratrice.com\/index.php\/contact\/\" \/>\n<meta property=\"og:locale\" content=\"fr_FR\" \/>\n<meta property=\"og:type\" content=\"article\" \/>\n<meta property=\"og:title\" content=\"Contact - Kris2 Artisane d\u00e9coratrice\" \/>\n<meta property=\"og:description\" content=\"Pour les demandes de devis et commandes personnalis\u00e9es Formulaire de contact Contact Us Nom * Nom * Pr\u00e9nom Email * T\u00e9l\u00e9phone * Sujet * Message * Si vous \u00eates un humain, ne remplissez pas ce champ. Envoyer inscriptions aux ateliers Pour les inscriptions aux ateliers vous trouverez le formulaire adapt\u00e9 \u00e0 chaque atelier sur leurs [&hellip;]\" \/>\n<meta property=\"og:url\" content=\"https:\/\/kris2-artisanedecoratrice.com\/index.php\/contact\/\" \/>\n<meta property=\"og:site_name\" content=\"Kris2 Artisane d\u00e9coratrice\" \/>\n<meta property=\"article:modified_time\" content=\"2024-02-27T08:20:09+00:00\" \/>\n<meta property=\"og:image\" content=\"http:\/\/kris2-artisanedecoratrice.com\/wp-content\/uploads\/2023\/10\/page_ateliers_feutre_01.jpg\" \/>\n<meta name=\"twitter:card\" content=\"summary_large_image\" \/>\n<meta name=\"twitter:label1\" content=\"Dur\u00e9e de lecture estim\u00e9e\" \/>\n\t<meta name=\"twitter:data1\" content=\"2 minutes\" \/>\n<script type=\"application\/ld+json\" class=\"yoast-schema-graph\">{\"@context\":\"https:\/\/schema.org\",\"@graph\":[{\"@type\":\"WebPage\",\"@id\":\"https:\/\/kris2-artisanedecoratrice.com\/index.php\/contact\/\",\"url\":\"https:\/\/kris2-artisanedecoratrice.com\/index.php\/contact\/\",\"name\":\"Contact - Kris2 Artisane d\u00e9coratrice\",\"isPartOf\":{\"@id\":\"https:\/\/kris2-artisanedecoratrice.com\/#website\"},\"primaryImageOfPage\":{\"@id\":\"https:\/\/kris2-artisanedecoratrice.com\/index.php\/contact\/#primaryimage\"},\"image\":{\"@id\":\"https:\/\/kris2-artisanedecoratrice.com\/index.php\/contact\/#primaryimage\"},\"thumbnailUrl\":\"http:\/\/kris2-artisanedecoratrice.com\/wp-content\/uploads\/2023\/10\/page_ateliers_feutre_01.jpg\",\"datePublished\":\"2023-09-15T08:58:27+00:00\",\"dateModified\":\"2024-02-27T08:20:09+00:00\",\"breadcrumb\":{\"@id\":\"https:\/\/kris2-artisanedecoratrice.com\/index.php\/contact\/#breadcrumb\"},\"inLanguage\":\"fr-FR\",\"potentialAction\":[{\"@type\":\"ReadAction\",\"target\":[\"https:\/\/kris2-artisanedecoratrice.com\/index.php\/contact\/\"]}]},{\"@type\":\"ImageObject\",\"inLanguage\":\"fr-FR\",\"@id\":\"https:\/\/kris2-artisanedecoratrice.com\/index.php\/contact\/#primaryimage\",\"url\":\"http:\/\/kris2-artisanedecoratrice.com\/wp-content\/uploads\/2023\/10\/page_ateliers_feutre_01.jpg\",\"contentUrl\":\"http:\/\/kris2-artisanedecoratrice.com\/wp-content\/uploads\/2023\/10\/page_ateliers_feutre_01.jpg\"},{\"@type\":\"BreadcrumbList\",\"@id\":\"https:\/\/kris2-artisanedecoratrice.com\/index.php\/contact\/#breadcrumb\",\"itemListElement\":[{\"@type\":\"ListItem\",\"position\":1,\"name\":\"Accueil\",\"item\":\"https:\/\/kris2-artisanedecoratrice.com\/\"},{\"@type\":\"ListItem\",\"position\":2,\"name\":\"Contact\"}]},{\"@type\":\"WebSite\",\"@id\":\"https:\/\/kris2-artisanedecoratrice.com\/#website\",\"url\":\"https:\/\/kris2-artisanedecoratrice.com\/\",\"name\":\"Kris2 Artisane d\u00e9coratrice feutri\u00e8re et peintre en d\u00e9cors\",\"description\":\"Artisane d\u00e9coratrice, peintre, feutri\u00e8re &amp; art th\u00e9rapeute\",\"publisher\":{\"@id\":\"https:\/\/kris2-artisanedecoratrice.com\/#organization\"},\"potentialAction\":[{\"@type\":\"SearchAction\",\"target\":{\"@type\":\"EntryPoint\",\"urlTemplate\":\"https:\/\/kris2-artisanedecoratrice.com\/?s={search_term_string}\"},\"query-input\":{\"@type\":\"PropertyValueSpecification\",\"valueRequired\":true,\"valueName\":\"search_term_string\"}}],\"inLanguage\":\"fr-FR\"},{\"@type\":\"Organization\",\"@id\":\"https:\/\/kris2-artisanedecoratrice.com\/#organization\",\"name\":\"Kris2 Artisane d\u00e9coratrice\",\"url\":\"https:\/\/kris2-artisanedecoratrice.com\/\",\"logo\":{\"@type\":\"ImageObject\",\"inLanguage\":\"fr-FR\",\"@id\":\"https:\/\/kris2-artisanedecoratrice.com\/#\/schema\/logo\/image\/\",\"url\":\"https:\/\/kris2-artisanedecoratrice.com\/wp-content\/uploads\/2023\/10\/logo_kris2_artisane_decoratrice_peintre_feutriere.png\",\"contentUrl\":\"https:\/\/kris2-artisanedecoratrice.com\/wp-content\/uploads\/2023\/10\/logo_kris2_artisane_decoratrice_peintre_feutriere.png\",\"width\":801,\"height\":1079,\"caption\":\"Kris2 Artisane d\u00e9coratrice\"},\"image\":{\"@id\":\"https:\/\/kris2-artisanedecoratrice.com\/#\/schema\/logo\/image\/\"},\"sameAs\":[\"https:\/\/www.instagram.com\/kris2_artisane\/\"]}]}<\/script>\n<!-- \/ Yoast SEO plugin. -->","yoast_head_json":{"title":"Contact - Kris2 Artisane d\u00e9coratrice","robots":{"index":"index","follow":"follow","max-snippet":"max-snippet:-1","max-image-preview":"max-image-preview:large","max-video-preview":"max-video-preview:-1"},"canonical":"https:\/\/kris2-artisanedecoratrice.com\/index.php\/contact\/","og_locale":"fr_FR","og_type":"article","og_title":"Contact - Kris2 Artisane d\u00e9coratrice","og_description":"Pour les demandes de devis et commandes personnalis\u00e9es Formulaire de contact Contact Us Nom * Nom * Pr\u00e9nom Email * T\u00e9l\u00e9phone * Sujet * Message * Si vous \u00eates un humain, ne remplissez pas ce champ. Envoyer inscriptions aux ateliers Pour les inscriptions aux ateliers vous trouverez le formulaire adapt\u00e9 \u00e0 chaque atelier sur leurs [&hellip;]","og_url":"https:\/\/kris2-artisanedecoratrice.com\/index.php\/contact\/","og_site_name":"Kris2 Artisane d\u00e9coratrice","article_modified_time":"2024-02-27T08:20:09+00:00","og_image":[{"url":"http:\/\/kris2-artisanedecoratrice.com\/wp-content\/uploads\/2023\/10\/page_ateliers_feutre_01.jpg","type":"","width":"","height":""}],"twitter_card":"summary_large_image","twitter_misc":{"Dur\u00e9e de lecture estim\u00e9e":"2 minutes"},"schema":{"@context":"https:\/\/schema.org","@graph":[{"@type":"WebPage","@id":"https:\/\/kris2-artisanedecoratrice.com\/index.php\/contact\/","url":"https:\/\/kris2-artisanedecoratrice.com\/index.php\/contact\/","name":"Contact - Kris2 Artisane d\u00e9coratrice","isPartOf":{"@id":"https:\/\/kris2-artisanedecoratrice.com\/#website"},"primaryImageOfPage":{"@id":"https:\/\/kris2-artisanedecoratrice.com\/index.php\/contact\/#primaryimage"},"image":{"@id":"https:\/\/kris2-artisanedecoratrice.com\/index.php\/contact\/#primaryimage"},"thumbnailUrl":"http:\/\/kris2-artisanedecoratrice.com\/wp-content\/uploads\/2023\/10\/page_ateliers_feutre_01.jpg","datePublished":"2023-09-15T08:58:27+00:00","dateModified":"2024-02-27T08:20:09+00:00","breadcrumb":{"@id":"https:\/\/kris2-artisanedecoratrice.com\/index.php\/contact\/#breadcrumb"},"inLanguage":"fr-FR","potentialAction":[{"@type":"ReadAction","target":["https:\/\/kris2-artisanedecoratrice.com\/index.php\/contact\/"]}]},{"@type":"ImageObject","inLanguage":"fr-FR","@id":"https:\/\/kris2-artisanedecoratrice.com\/index.php\/contact\/#primaryimage","url":"http:\/\/kris2-artisanedecoratrice.com\/wp-content\/uploads\/2023\/10\/page_ateliers_feutre_01.jpg","contentUrl":"http:\/\/kris2-artisanedecoratrice.com\/wp-content\/uploads\/2023\/10\/page_ateliers_feutre_01.jpg"},{"@type":"BreadcrumbList","@id":"https:\/\/kris2-artisanedecoratrice.com\/index.php\/contact\/#breadcrumb","itemListElement":[{"@type":"ListItem","position":1,"name":"Accueil","item":"https:\/\/kris2-artisanedecoratrice.com\/"},{"@type":"ListItem","position":2,"name":"Contact"}]},{"@type":"WebSite","@id":"https:\/\/kris2-artisanedecoratrice.com\/#website","url":"https:\/\/kris2-artisanedecoratrice.com\/","name":"Kris2 Artisane d\u00e9coratrice feutri\u00e8re et peintre en d\u00e9cors","description":"Artisane d\u00e9coratrice, peintre, feutri\u00e8re &amp; art th\u00e9rapeute","publisher":{"@id":"https:\/\/kris2-artisanedecoratrice.com\/#organization"},"potentialAction":[{"@type":"SearchAction","target":{"@type":"EntryPoint","urlTemplate":"https:\/\/kris2-artisanedecoratrice.com\/?s={search_term_string}"},"query-input":{"@type":"PropertyValueSpecification","valueRequired":true,"valueName":"search_term_string"}}],"inLanguage":"fr-FR"},{"@type":"Organization","@id":"https:\/\/kris2-artisanedecoratrice.com\/#organization","name":"Kris2 Artisane d\u00e9coratrice","url":"https:\/\/kris2-artisanedecoratrice.com\/","logo":{"@type":"ImageObject","inLanguage":"fr-FR","@id":"https:\/\/kris2-artisanedecoratrice.com\/#\/schema\/logo\/image\/","url":"https:\/\/kris2-artisanedecoratrice.com\/wp-content\/uploads\/2023\/10\/logo_kris2_artisane_decoratrice_peintre_feutriere.png","contentUrl":"https:\/\/kris2-artisanedecoratrice.com\/wp-content\/uploads\/2023\/10\/logo_kris2_artisane_decoratrice_peintre_feutriere.png","width":801,"height":1079,"caption":"Kris2 Artisane d\u00e9coratrice"},"image":{"@id":"https:\/\/kris2-artisanedecoratrice.com\/#\/schema\/logo\/image\/"},"sameAs":["https:\/\/www.instagram.com\/kris2_artisane\/"]}]}},"_links":{"self":[{"href":"https:\/\/kris2-artisanedecoratrice.com\/index.php\/wp-json\/wp\/v2\/pages\/12","targetHints":{"allow":["GET"]}}],"collection":[{"href":"https:\/\/kris2-artisanedecoratrice.com\/index.php\/wp-json\/wp\/v2\/pages"}],"about":[{"href":"https:\/\/kris2-artisanedecoratrice.com\/index.php\/wp-json\/wp\/v2\/types\/page"}],"author":[{"embeddable":true,"href":"https:\/\/kris2-artisanedecoratrice.com\/index.php\/wp-json\/wp\/v2\/users\/1"}],"replies":[{"embeddable":true,"href":"https:\/\/kris2-artisanedecoratrice.com\/index.php\/wp-json\/wp\/v2\/comments?post=12"}],"version-history":[{"count":37,"href":"https:\/\/kris2-artisanedecoratrice.com\/index.php\/wp-json\/wp\/v2\/pages\/12\/revisions"}],"predecessor-version":[{"id":2898,"href":"https:\/\/kris2-artisanedecoratrice.com\/index.php\/wp-json\/wp\/v2\/pages\/12\/revisions\/2898"}],"wp:attachment":[{"href":"https:\/\/kris2-artisanedecoratrice.com\/index.php\/wp-json\/wp\/v2\/media?parent=12"}],"curies":[{"name":"wp","href":"https:\/\/api.w.org\/{rel}","templated":true}]}}